{"id":6369,"date":"2025-07-30T10:13:58","date_gmt":"2025-07-30T10:13:58","guid":{"rendered":"https:\/\/www.fongarospumanti.it\/visit-the-winery\/"},"modified":"2025-10-02T16:10:34","modified_gmt":"2025-10-02T16:10:34","slug":"visit-the-winery","status":"publish","type":"page","link":"https:\/\/www.fongarospumanti.it\/en\/visit-the-winery\/","title":{"rendered":"Visit the winery"},"content":{"rendered":"\t\t<div data-elementor-type=\"wp-page\" data-elementor-id=\"6369\" class=\"elementor elementor-6369 elementor-4948\" data-elementor-post-type=\"page\">\n\t\t\t\t<div class=\"elementor-element elementor-element-4c5a673 e-flex e-con-boxed e-con e-parent\" data-id=\"4c5a673\" data-element_type=\"container\">\n\t\t\t\t\t<div class=\"e-con-inner\">\n\t\t<div class=\"elementor-element elementor-element-f0efcb2 e-con-full e-flex e-con e-child\" data-id=\"f0efcb2\" data-element_type=\"container\" data-settings=\"{&quot;background_background&quot;:&quot;classic&quot;}\">\n\t\t\t\t<\/div>\n\t\t\t\t\t<\/div>\n\t\t\t\t<\/div>\n\t\t<div class=\"elementor-element elementor-element-a17bf81 e-flex e-con-boxed e-con e-parent\" data-id=\"a17bf81\" data-element_type=\"container\">\n\t\t\t\t\t<div class=\"e-con-inner\">\n\t\t<div class=\"elementor-element elementor-element-d6498e5 e-con-full e-flex e-con e-child\" data-id=\"d6498e5\" data-element_type=\"container\">\n\t\t\t\t<div class=\"elementor-element elementor-element-9c5da9d elementor-widget elementor-widget-heading\" data-id=\"9c5da9d\" data-element_type=\"widget\" data-widget_type=\"heading.default\">\n\t\t\t\t\t<h2 class=\"elementor-heading-title elementor-size-default\">Visit the Winery<\/h2>\t\t\t\t<\/div>\n\t\t\t\t<div class=\"elementor-element elementor-element-a35d25d elementor-widget elementor-widget-text-editor\" data-id=\"a35d25d\" data-element_type=\"widget\" data-widget_type=\"text-editor.default\">\n\t\t\t\t\t\t\t\t\t<p><span style=\"color: #333333;\">Three tasting experiences. Three paths to explore our craft. Three reasons to visit us.<br><\/span><\/p>\t\t\t\t\t\t\t\t<\/div>\n\t\t<div class=\"elementor-element elementor-element-07e87ff e-con-full cont-tipo-degustazione e-flex e-con e-child\" data-id=\"07e87ff\" data-element_type=\"container\">\n\t\t<div class=\"elementor-element elementor-element-e1393ab e-con-full e-flex e-con e-child\" data-id=\"e1393ab\" data-element_type=\"container\">\n\t\t\t\t<div class=\"elementor-element elementor-element-2aa3f9d elementor-widget elementor-widget-image\" data-id=\"2aa3f9d\" data-element_type=\"widget\" data-widget_type=\"image.default\">\n\t\t\t\t\t\t\t\t\t\t\t\t\t\t\t<img fetchpriority=\"high\" decoding=\"async\" width=\"510\" height=\"347\" src=\"https:\/\/www.fongarospumanti.it\/wp-content\/uploads\/2025\/08\/visite-essenza.jpg\" class=\"attachment-full size-full wp-image-6366\" alt=\"\" srcset=\"https:\/\/www.fongarospumanti.it\/wp-content\/uploads\/2025\/08\/visite-essenza.jpg 510w, https:\/\/www.fongarospumanti.it\/wp-content\/uploads\/2025\/08\/visite-essenza-300x204.jpg 300w\" sizes=\"(max-width: 510px) 100vw, 510px\" \/>\t\t\t\t\t\t\t\t\t\t\t\t\t\t\t<\/div>\n\t\t<div class=\"elementor-element elementor-element-0b9bce7 e-con-full e-flex e-con e-child\" data-id=\"0b9bce7\" data-element_type=\"container\">\n\t\t<div class=\"elementor-element elementor-element-e0258dc e-con-full e-flex e-con e-child\" data-id=\"e0258dc\" data-element_type=\"container\">\n\t\t\t\t<div class=\"elementor-element elementor-element-6088a38 elementor-widget elementor-widget-heading\" data-id=\"6088a38\" data-element_type=\"widget\" data-widget_type=\"heading.default\">\n\t\t\t\t\t<h2 class=\"elementor-heading-title elementor-size-default\">Essenza<\/h2>\t\t\t\t<\/div>\n\t\t\t\t<div class=\"elementor-element elementor-element-fcbdfe6 elementor-widget elementor-widget-text-editor\" data-id=\"fcbdfe6\" data-element_type=\"widget\" data-widget_type=\"text-editor.default\">\n\t\t\t\t\t\t\t\t\t<p>3 Glasses<\/p><p>An introduction to the world of Fongaro: a selection that gracefully introduces the style of the winery.<\/p><p><strong>Tasting<\/strong>: Cuv\u00e9e Extra Brut, Viola Brut and Verde Pas Dos\u00e9.<\/p><p><strong>Pairing<\/strong>: tasting of local cold cuts and cheeses.<\/p><p><strong>Duration of visit<\/strong>: 1 hour and 30 minutes. <\/p><p><strong>Type of glasses<\/strong>: Riedel Superleggero<\/p>\t\t\t\t\t\t\t\t<\/div>\n\t\t\t\t<\/div>\n\t\t\t\t<div class=\"elementor-element elementor-element-0038dec elementor-widget__width-auto elementor-widget elementor-widget-text-editor\" data-id=\"0038dec\" data-element_type=\"widget\" data-widget_type=\"text-editor.default\">\n\t\t\t\t\t\t\t\t\t<p>\u20ac32 per person<\/p>\t\t\t\t\t\t\t\t<\/div>\n\t\t\t\t<\/div>\n\t\t\t\t<\/div>\n\t\t<div class=\"elementor-element elementor-element-46d1e17 e-con-full e-flex e-con e-child\" data-id=\"46d1e17\" data-element_type=\"container\">\n\t\t\t\t<div class=\"elementor-element elementor-element-7e94541 elementor-widget elementor-widget-image\" data-id=\"7e94541\" data-element_type=\"widget\" data-widget_type=\"image.default\">\n\t\t\t\t\t\t\t\t\t\t\t\t\t\t\t<img decoding=\"async\" width=\"510\" height=\"347\" src=\"https:\/\/www.fongarospumanti.it\/wp-content\/uploads\/2025\/08\/visite-metodo-min.jpg\" class=\"attachment-full size-full wp-image-6367\" alt=\"\" srcset=\"https:\/\/www.fongarospumanti.it\/wp-content\/uploads\/2025\/08\/visite-metodo-min.jpg 510w, https:\/\/www.fongarospumanti.it\/wp-content\/uploads\/2025\/08\/visite-metodo-min-300x204.jpg 300w\" sizes=\"(max-width: 510px) 100vw, 510px\" \/>\t\t\t\t\t\t\t\t\t\t\t\t\t\t\t<\/div>\n\t\t<div class=\"elementor-element elementor-element-f49d199 e-con-full e-flex e-con e-child\" data-id=\"f49d199\" data-element_type=\"container\">\n\t\t<div class=\"elementor-element elementor-element-ce539c8 e-con-full e-flex e-con e-child\" data-id=\"ce539c8\" data-element_type=\"container\">\n\t\t\t\t<div class=\"elementor-element elementor-element-14fe5e5 elementor-widget elementor-widget-heading\" data-id=\"14fe5e5\" data-element_type=\"widget\" data-widget_type=\"heading.default\">\n\t\t\t\t\t<h2 class=\"elementor-heading-title elementor-size-default\">Metodo<\/h2>\t\t\t\t<\/div>\n\t\t\t\t<div class=\"elementor-element elementor-element-094fd7a elementor-widget elementor-widget-text-editor\" data-id=\"094fd7a\" data-element_type=\"widget\" data-widget_type=\"text-editor.default\">\n\t\t\t\t\t\t\t\t\t<p>5 Glasses<\/p><p>Il cuore del nostro lavoro. Cinque assaggi per raccontare l\u2019arte e la variet\u00e0 di uno stile unico. <\/p><p><strong>Tasting<\/strong>: Cuv\u00e9e Extra Brut, Viola Brut, Verde Pas Dos\u00e9, Nera Riserva Brut and Nera Riserva Pas Dos\u00e9.<\/p><p><strong>Pairing<\/strong>: platter of local cold cuts and cheeses.<\/p><p><strong>Duration of visit<\/strong>: 2h. <\/p><p><strong>Type of glasses<\/strong>: Riedel Superleggero<\/p>\t\t\t\t\t\t\t\t<\/div>\n\t\t\t\t<\/div>\n\t\t\t\t<div class=\"elementor-element elementor-element-cd56cba elementor-widget__width-auto elementor-widget elementor-widget-text-editor\" data-id=\"cd56cba\" data-element_type=\"widget\" data-widget_type=\"text-editor.default\">\n\t\t\t\t\t\t\t\t\t<p>55\u20ac per person<\/p>\t\t\t\t\t\t\t\t<\/div>\n\t\t\t\t<\/div>\n\t\t\t\t<\/div>\n\t\t<div class=\"elementor-element elementor-element-42058f4 e-con-full e-flex e-con e-child\" data-id=\"42058f4\" data-element_type=\"container\">\n\t\t\t\t<div class=\"elementor-element elementor-element-5868ff2 elementor-widget elementor-widget-image\" data-id=\"5868ff2\" data-element_type=\"widget\" data-widget_type=\"image.default\">\n\t\t\t\t\t\t\t\t\t\t\t\t\t\t\t<img decoding=\"async\" width=\"510\" height=\"347\" src=\"https:\/\/www.fongarospumanti.it\/wp-content\/uploads\/2025\/08\/visite-riserva-min.jpg\" class=\"attachment-full size-full wp-image-6331\" alt=\"\" srcset=\"https:\/\/www.fongarospumanti.it\/wp-content\/uploads\/2025\/08\/visite-riserva-min.jpg 510w, https:\/\/www.fongarospumanti.it\/wp-content\/uploads\/2025\/08\/visite-riserva-min-300x204.jpg 300w\" sizes=\"(max-width: 510px) 100vw, 510px\" \/>\t\t\t\t\t\t\t\t\t\t\t\t\t\t\t<\/div>\n\t\t<div class=\"elementor-element elementor-element-8701a93 e-con-full e-flex e-con e-child\" data-id=\"8701a93\" data-element_type=\"container\">\n\t\t<div class=\"elementor-element elementor-element-4794fd3 e-con-full e-flex e-con e-child\" data-id=\"4794fd3\" data-element_type=\"container\">\n\t\t\t\t<div class=\"elementor-element elementor-element-5372af2 elementor-widget elementor-widget-heading\" data-id=\"5372af2\" data-element_type=\"widget\" data-widget_type=\"heading.default\">\n\t\t\t\t\t<h2 class=\"elementor-heading-title elementor-size-default\">Riserva<\/h2>\t\t\t\t<\/div>\n\t\t\t\t<div class=\"elementor-element elementor-element-05a70e2 elementor-widget elementor-widget-text-editor\" data-id=\"05a70e2\" data-element_type=\"widget\" data-widget_type=\"text-editor.default\">\n\t\t\t\t\t\t\t\t\t<p>5 Glasses of History<\/p><p>The most refined experience: a journey through our historical reserves, selected each time by Tanita. Wines that express depth, time and mastery. <\/p><p><strong>Tasting<\/strong>: based on the availability of historic vintages.<\/p><p><strong>Pairing<\/strong>: platter of local cold cuts and cheeses.<\/p><p><strong>Duration of visit<\/strong>: 3h. <\/p><p><strong>Type of glasses<\/strong>: Riedel Superleggero<\/p>\t\t\t\t\t\t\t\t<\/div>\n\t\t\t\t<\/div>\n\t\t\t\t<div class=\"elementor-element elementor-element-cdcabd3 elementor-widget__width-auto elementor-widget elementor-widget-text-editor\" data-id=\"cdcabd3\" data-element_type=\"widget\" data-widget_type=\"text-editor.default\">\n\t\t\t\t\t\t\t\t\t<p>85\u20ac per person<\/p>\t\t\t\t\t\t\t\t<\/div>\n\t\t\t\t<\/div>\n\t\t\t\t<\/div>\n\t\t\t\t<\/div>\n\t\t\t\t<\/div>\n\t\t<div class=\"elementor-element elementor-element-8b195f6 e-con-full e-flex e-con e-child\" data-id=\"8b195f6\" data-element_type=\"container\">\n\t\t\t\t<div class=\"elementor-element elementor-element-89936ab elementor-widget elementor-widget-text-editor\" data-id=\"89936ab\" data-element_type=\"widget\" data-widget_type=\"text-editor.default\">\n\t\t\t\t\t\t\t\t\t<p>Book your visit<\/p>\t\t\t\t\t\t\t\t<\/div>\n\t\t\t\t<div class=\"elementor-element elementor-element-f7ae77f elementor-widget elementor-widget-text-editor\" data-id=\"f7ae77f\" data-element_type=\"widget\" data-widget_type=\"text-editor.default\">\n\t\t\t\t\t\t\t\t\t<p><span style=\"color: #333333;\">We are committed to responding carefully to every request. We will do our best to reply as quickly as possible.<br><span style=\"color: #333333;\">All winery visits are organised privately, so that our guests can enjoy the best possible experience.<br>For special requests, please send an email to <a href=\"mailto:info@fongarospumanti.it\">info@fongarospumanti.it<\/a>.<\/span><\/span><\/p>\t\t\t\t\t\t\t\t<\/div>\n\t\t\t\t<div class=\"elementor-element elementor-element-313cf43 elementor-button-align-center form-visite elementor-widget elementor-widget-form\" data-id=\"313cf43\" data-element_type=\"widget\" id=\"form-visite\" data-settings=\"{&quot;step_next_label&quot;:&quot;Next&quot;,&quot;step_previous_label&quot;:&quot;Previous&quot;,&quot;step_type&quot;:&quot;number_text&quot;,&quot;step_icon_shape&quot;:&quot;circle&quot;}\" data-widget_type=\"form.default\">\n\t\t\t\t\t\t\t<form class=\"elementor-form\" method=\"post\" name=\"Form Visite Cantina EN\" aria-label=\"Form Visite Cantina EN\">\n\t\t\t<input type=\"hidden\" name=\"post_id\" value=\"6369\"\/>\n\t\t\t<input type=\"hidden\" name=\"form_id\" value=\"313cf43\"\/>\n\t\t\t<input type=\"hidden\" name=\"referer_title\" value=\"Visit the winery\" \/>\n\n\t\t\t\t\t\t\t<input type=\"hidden\" name=\"queried_id\" value=\"6369\"\/>\n\t\t\t\n\t\t\t<div class=\"elementor-form-fields-wrapper elementor-labels-\">\n\t\t\t\t\t\t\t\t<div class=\"elementor-field-type-text elementor-field-group elementor-column elementor-field-group-nome elementor-col-50 elementor-sm-50 elementor-field-required\">\n\t\t\t\t\t\t\t\t\t\t\t\t<label for=\"form-field-nome\" class=\"elementor-field-label elementor-screen-only\">\n\t\t\t\t\t\t\t\tName\t\t\t\t\t\t\t<\/label>\n\t\t\t\t\t\t\t\t\t\t\t\t\t\t<input size=\"1\" type=\"text\" name=\"form_fields[nome]\" id=\"form-field-nome\" class=\"elementor-field elementor-size-sm  elementor-field-textual\" placeholder=\"Name\" required=\"required\">\n\t\t\t\t\t\t\t\t\t\t\t<\/div>\n\t\t\t\t\t\t\t\t<div class=\"elementor-field-type-text elementor-field-group elementor-column elementor-field-group-cognome elementor-col-50 elementor-sm-50 elementor-field-required\">\n\t\t\t\t\t\t\t\t\t\t\t\t<label for=\"form-field-cognome\" class=\"elementor-field-label elementor-screen-only\">\n\t\t\t\t\t\t\t\tLastname\t\t\t\t\t\t\t<\/label>\n\t\t\t\t\t\t\t\t\t\t\t\t\t\t<input size=\"1\" type=\"text\" name=\"form_fields[cognome]\" id=\"form-field-cognome\" class=\"elementor-field elementor-size-sm  elementor-field-textual\" placeholder=\"Lastname\" required=\"required\">\n\t\t\t\t\t\t\t\t\t\t\t<\/div>\n\t\t\t\t\t\t\t\t<div class=\"elementor-field-type-email elementor-field-group elementor-column elementor-field-group-email elementor-col-50 elementor-field-required\">\n\t\t\t\t\t\t\t\t\t\t\t\t<label for=\"form-field-email\" class=\"elementor-field-label elementor-screen-only\">\n\t\t\t\t\t\t\t\tEmail\t\t\t\t\t\t\t<\/label>\n\t\t\t\t\t\t\t\t\t\t\t\t\t\t<input size=\"1\" type=\"email\" name=\"form_fields[email]\" id=\"form-field-email\" class=\"elementor-field elementor-size-sm  elementor-field-textual\" placeholder=\"Email\" required=\"required\">\n\t\t\t\t\t\t\t\t\t\t\t<\/div>\n\t\t\t\t\t\t\t\t<div class=\"elementor-field-type-tel elementor-field-group elementor-column elementor-field-group-telefono elementor-col-50 elementor-field-required\">\n\t\t\t\t\t\t\t\t\t\t\t\t<label for=\"form-field-telefono\" class=\"elementor-field-label elementor-screen-only\">\n\t\t\t\t\t\t\t\tPhone\t\t\t\t\t\t\t<\/label>\n\t\t\t\t\t\t\t\t<input size=\"1\" type=\"tel\" name=\"form_fields[telefono]\" id=\"form-field-telefono\" class=\"elementor-field elementor-size-sm  elementor-field-textual\" placeholder=\"Phone\" required=\"required\" pattern=\"[0-9()#&amp;+*-=.]+\" title=\"Only numbers and phone characters (#, -, *, etc) are accepted.\">\n\n\t\t\t\t\t\t<\/div>\n\t\t\t\t\t\t\t\t<div class=\"elementor-field-type-text elementor-field-group elementor-column elementor-field-group-custom_date elementor-col-50 elementor-field-required\">\n\t\t\t\t\t\t\t\t\t\t\t\t<label for=\"form-field-custom_date\" class=\"elementor-field-label elementor-screen-only\">\n\t\t\t\t\t\t\t\tApproximate day of tasting \t\t\t\t\t\t\t<\/label>\n\t\t\t\t\t\t\t\t\t\t\t\t\t\t<input size=\"1\" type=\"text\" name=\"form_fields[custom_date]\" id=\"form-field-custom_date\" class=\"elementor-field elementor-size-sm  elementor-field-textual\" placeholder=\"Approximate day of tasting \" required=\"required\">\n\t\t\t\t\t\t\t\t\t\t\t<\/div>\n\t\t\t\t\t\t\t\t<div class=\"elementor-field-type-select elementor-field-group elementor-column elementor-field-group-orario elementor-col-50 elementor-field-required\">\n\t\t\t\t\t\t\t\t\t\t\t\t<label for=\"form-field-orario\" class=\"elementor-field-label elementor-screen-only\">\n\t\t\t\t\t\t\t\tTasting time \t\t\t\t\t\t\t<\/label>\n\t\t\t\t\t\t\t\t<div class=\"elementor-field elementor-select-wrapper remove-before \">\n\t\t\t<div class=\"select-caret-down-wrapper\">\n\t\t\t\t<svg aria-hidden=\"true\" class=\"e-font-icon-svg e-eicon-caret-down\" viewBox=\"0 0 571.4 571.4\" xmlns=\"http:\/\/www.w3.org\/2000\/svg\"><path d=\"M571 393Q571 407 561 418L311 668Q300 679 286 679T261 668L11 418Q0 407 0 393T11 368 36 357H536Q550 357 561 368T571 393Z\"><\/path><\/svg>\t\t\t<\/div>\n\t\t\t<select name=\"form_fields[orario]\" id=\"form-field-orario\" class=\"elementor-field-textual elementor-size-sm\" required=\"required\">\n\t\t\t\t\t\t\t\t\t<option value=\"10.30\">10.30<\/option>\n\t\t\t\t\t\t\t\t\t<option value=\"15.00\">15.00<\/option>\n\t\t\t\t\t\t\t<\/select>\n\t\t<\/div>\n\t\t\t\t\t\t<\/div>\n\t\t\t\t\t\t\t\t<div class=\"elementor-field-type-select elementor-field-group elementor-column elementor-field-group-chi_sono elementor-col-50 elementor-field-required\">\n\t\t\t\t\t\t\t\t\t\t\t\t<label for=\"form-field-chi_sono\" class=\"elementor-field-label elementor-screen-only\">\n\t\t\t\t\t\t\t\tWhat is your connection with wine?\t\t\t\t\t\t\t<\/label>\n\t\t\t\t\t\t\t\t<div class=\"elementor-field elementor-select-wrapper remove-before \">\n\t\t\t<div class=\"select-caret-down-wrapper\">\n\t\t\t\t<svg aria-hidden=\"true\" class=\"e-font-icon-svg e-eicon-caret-down\" viewBox=\"0 0 571.4 571.4\" xmlns=\"http:\/\/www.w3.org\/2000\/svg\"><path d=\"M571 393Q571 407 561 418L311 668Q300 679 286 679T261 668L11 418Q0 407 0 393T11 368 36 357H536Q550 357 561 368T571 393Z\"><\/path><\/svg>\t\t\t<\/div>\n\t\t\t<select name=\"form_fields[chi_sono]\" id=\"form-field-chi_sono\" class=\"elementor-field-textual elementor-size-sm\" required=\"required\">\n\t\t\t\t\t\t\t\t\t<option value=\"Winelover\">Winelover<\/option>\n\t\t\t\t\t\t\t\t\t<option value=\"Ho.Re.Ca.\">Ho.Re.Ca.<\/option>\n\t\t\t\t\t\t\t\t\t<option value=\"Company\">Company<\/option>\n\t\t\t\t\t\t\t\t\t<option value=\"Fellow producer\">Fellow producer<\/option>\n\t\t\t\t\t\t\t<\/select>\n\t\t<\/div>\n\t\t\t\t\t\t<\/div>\n\t\t\t\t\t\t\t\t<div class=\"elementor-field-type-select elementor-field-group elementor-column elementor-field-group-tipo_degustazione elementor-col-50 elementor-field-required\">\n\t\t\t\t\t\t\t\t\t\t\t\t<label for=\"form-field-tipo_degustazione\" class=\"elementor-field-label elementor-screen-only\">\n\t\t\t\t\t\t\t\tWhich tasting would you like to book?\t\t\t\t\t\t\t<\/label>\n\t\t\t\t\t\t\t\t<div class=\"elementor-field elementor-select-wrapper remove-before \">\n\t\t\t<div class=\"select-caret-down-wrapper\">\n\t\t\t\t<svg aria-hidden=\"true\" class=\"e-font-icon-svg e-eicon-caret-down\" viewBox=\"0 0 571.4 571.4\" xmlns=\"http:\/\/www.w3.org\/2000\/svg\"><path d=\"M571 393Q571 407 561 418L311 668Q300 679 286 679T261 668L11 418Q0 407 0 393T11 368 36 357H536Q550 357 561 368T571 393Z\"><\/path><\/svg>\t\t\t<\/div>\n\t\t\t<select name=\"form_fields[tipo_degustazione]\" id=\"form-field-tipo_degustazione\" class=\"elementor-field-textual elementor-size-sm\" required=\"required\">\n\t\t\t\t\t\t\t\t\t<option value=\"Essenza\">Essenza<\/option>\n\t\t\t\t\t\t\t\t\t<option value=\"Metodo\">Metodo<\/option>\n\t\t\t\t\t\t\t\t\t<option value=\"Riserva\">Riserva<\/option>\n\t\t\t\t\t\t\t<\/select>\n\t\t<\/div>\n\t\t\t\t\t\t<\/div>\n\t\t\t\t\t\t\t\t<div class=\"elementor-field-type-text elementor-field-group elementor-column elementor-field-group-nome_attivita elementor-col-50\">\n\t\t\t\t\t\t\t\t\t\t\t\t<label for=\"form-field-nome_attivita\" class=\"elementor-field-label elementor-screen-only\">\n\t\t\t\t\t\t\t\tBusiness Name\t\t\t\t\t\t\t<\/label>\n\t\t\t\t\t\t\t\t\t\t\t\t\t\t<input size=\"1\" type=\"text\" name=\"form_fields[nome_attivita]\" id=\"form-field-nome_attivita\" class=\"elementor-field elementor-size-sm  elementor-field-textual\" placeholder=\"Company name\">\n\t\t\t\t\t\t\t\t\t\t\t<\/div>\n\t\t\t\t\t\t\t\t<div class=\"elementor-field-type-text elementor-field-group elementor-column elementor-field-group-dove_attivita elementor-col-50\">\n\t\t\t\t\t\t\t\t\t\t\t\t<label for=\"form-field-dove_attivita\" class=\"elementor-field-label elementor-screen-only\">\n\t\t\t\t\t\t\t\tWhere is the business located?\t\t\t\t\t\t\t<\/label>\n\t\t\t\t\t\t\t\t\t\t\t\t\t\t<input size=\"1\" type=\"text\" name=\"form_fields[dove_attivita]\" id=\"form-field-dove_attivita\" class=\"elementor-field elementor-size-sm  elementor-field-textual\" placeholder=\"Where is the business located?\">\n\t\t\t\t\t\t\t\t\t\t\t<\/div>\n\t\t\t\t\t\t\t\t<div class=\"elementor-field-type-number elementor-field-group elementor-column elementor-field-group-numero_ospiti elementor-col-50 elementor-field-required\">\n\t\t\t\t\t\t\t\t\t\t\t\t<label for=\"form-field-numero_ospiti\" class=\"elementor-field-label elementor-screen-only\">\n\t\t\t\t\t\t\t\tNumber of people\t\t\t\t\t\t\t<\/label>\n\t\t\t\t\t\t\t\t\t<input type=\"number\" name=\"form_fields[numero_ospiti]\" id=\"form-field-numero_ospiti\" class=\"elementor-field elementor-size-sm  elementor-field-textual\" placeholder=\"Number of people\" required=\"required\" min=\"1\" max=\"24\" >\n\t\t\t\t\t\t<\/div>\n\t\t\t\t\t\t\t\t<div class=\"elementor-field-type-textarea elementor-field-group elementor-column elementor-field-group-message elementor-col-100\">\n\t\t\t\t\t\t\t\t\t\t\t\t<label for=\"form-field-message\" class=\"elementor-field-label elementor-screen-only\">\n\t\t\t\t\t\t\t\tMessage\t\t\t\t\t\t\t<\/label>\n\t\t\t\t\t\t<textarea class=\"elementor-field-textual elementor-field  elementor-size-sm\" name=\"form_fields[message]\" id=\"form-field-message\" rows=\"4\" placeholder=\"Message\"><\/textarea>\t\t\t\t<\/div>\n\t\t\t\t\t\t\t\t<div class=\"elementor-field-type-acceptance elementor-field-group elementor-column elementor-field-group-privacy elementor-col-100 elementor-field-required\">\n\t\t\t\t\t\t\t\t\t\t\t\t<label for=\"form-field-privacy\" class=\"elementor-field-label elementor-screen-only\">\n\t\t\t\t\t\t\t\tPrivacy\t\t\t\t\t\t\t<\/label>\n\t\t\t\t\t\t\t\t<div class=\"elementor-field-subgroup\">\n\t\t\t<span class=\"elementor-field-option\">\n\t\t\t\t<input type=\"checkbox\" name=\"form_fields[privacy]\" id=\"form-field-privacy\" class=\"elementor-field elementor-size-sm  elementor-acceptance-field\" required=\"required\">\n\t\t\t\t<label for=\"form-field-privacy\">I declare that I have read and fully understand the <a href=\"#\">privacy<\/a> policy regarding the processing of my personal data provided to me by the Data Controller.<br>\n  <br>\n <\/label>\t\t\t<\/span>\n\t\t<\/div>\n\t\t\t\t\t\t<\/div>\n\t\t\t\t\t\t\t\t<div class=\"elementor-field-group elementor-column elementor-field-type-submit elementor-col-100 e-form__buttons\">\n\t\t\t\t\t<button class=\"elementor-button elementor-size-sm\" type=\"submit\">\n\t\t\t\t\t\t<span class=\"elementor-button-content-wrapper\">\n\t\t\t\t\t\t\t\t\t\t\t\t\t\t\t\t\t\t\t\t\t\t<span class=\"elementor-button-text\">Send<\/span>\n\t\t\t\t\t\t\t\t\t\t\t\t\t<\/span>\n\t\t\t\t\t<\/button>\n\t\t\t\t<\/div>\n\t\t\t<\/div>\n\t\t<\/form>\n\t\t\t\t\t\t<\/div>\n\t\t\t\t<\/div>\n\t\t\t\t\t<\/div>\n\t\t\t\t<\/div>\n\t\t\t\t<\/div>\n\t\t","protected":false},"excerpt":{"rendered":"<p>Visit the Winery Three tasting experiences. Three paths to explore our craft. Three reasons to visit us. Essenza 3 Glasses An introduction to the world of Fongaro: a selection that gracefully introduces the style of the winery. Tasting: Cuv\u00e9e Extra Brut, Viola Brut and Verde Pas Dos\u00e9. Pairing: tasting of local cold cuts and cheeses. [&hellip;]<\/p>\n","protected":false},"author":1,"featured_media":6368,"parent":0,"menu_order":3,"comment_status":"closed","ping_status":"closed","template":"","meta":{"_acf_changed":false,"inline_featured_image":false,"footnotes":""},"class_list":["post-6369","page","type-page","status-publish","has-post-thumbnail","hentry"],"acf":[],"_links":{"self":[{"href":"https:\/\/www.fongarospumanti.it\/en\/wp-json\/wp\/v2\/pages\/6369","targetHints":{"allow":["GET"]}}],"collection":[{"href":"https:\/\/www.fongarospumanti.it\/en\/wp-json\/wp\/v2\/pages"}],"about":[{"href":"https:\/\/www.fongarospumanti.it\/en\/wp-json\/wp\/v2\/types\/page"}],"author":[{"embeddable":true,"href":"https:\/\/www.fongarospumanti.it\/en\/wp-json\/wp\/v2\/users\/1"}],"replies":[{"embeddable":true,"href":"https:\/\/www.fongarospumanti.it\/en\/wp-json\/wp\/v2\/comments?post=6369"}],"version-history":[{"count":5,"href":"https:\/\/www.fongarospumanti.it\/en\/wp-json\/wp\/v2\/pages\/6369\/revisions"}],"predecessor-version":[{"id":6796,"href":"https:\/\/www.fongarospumanti.it\/en\/wp-json\/wp\/v2\/pages\/6369\/revisions\/6796"}],"wp:featuredmedia":[{"embeddable":true,"href":"https:\/\/www.fongarospumanti.it\/en\/wp-json\/wp\/v2\/media\/6368"}],"wp:attachment":[{"href":"https:\/\/www.fongarospumanti.it\/en\/wp-json\/wp\/v2\/media?parent=6369"}],"curies":[{"name":"wp","href":"https:\/\/api.w.org\/{rel}","templated":true}]}}